{"id":3272,"date":"2022-03-09T09:33:08","date_gmt":"2022-03-09T08:33:08","guid":{"rendered":"https:\/\/anex-bhp.com\/?page_id=3272"},"modified":"2024-10-30T14:14:11","modified_gmt":"2024-10-30T13:14:11","slug":"wartung-von-schutzkleidung","status":"publish","type":"page","link":"https:\/\/anex-bhp.com\/de\/wartung-von-schutzkleidung\/","title":{"rendered":"Wartung von Schutzkleidung"},"content":{"rendered":"<p>[et_pb_section fb_built=&#8221;1&#8243; custom_padding_last_edited=&#8221;on|phone&#8221; _builder_version=&#8221;4.16&#8243; _module_preset=&#8221;default&#8221; use_background_color_gradient=&#8221;on&#8221; background_color_gradient_stops=&#8221;rgba(0,0,0,0.7) 0%|rgba(0,0,0,0.7) 100%&#8221; background_color_gradient_overlays_image=&#8221;on&#8221; background_color_gradient_start=&#8221;rgba(0,0,0,0.7)&#8221; background_color_gradient_end=&#8221;rgba(0,0,0,0.7)&#8221; background_image=&#8221;https:\/\/anex-bhp.com\/wp-content\/uploads\/2022\/03\/construction-114-1.jpg&#8221; custom_padding=&#8221;0px||400px|||&#8221; custom_padding_tablet=&#8221;&#8221; custom_padding_phone=&#8221;0px||320px||false|false&#8221; bottom_divider_style=&#8221;curve&#8221; bottom_divider_color=&#8221;#f3f3f4&#8243; bottom_divider_height=&#8221;110px&#8221; bottom_divider_repeat=&#8221;1x&#8221; saved_tabs=&#8221;all&#8221; global_colors_info=&#8221;{}&#8221;][et_pb_row use_custom_gutter=&#8221;on&#8221; gutter_width=&#8221;2&#8243; make_equal=&#8221;on&#8221; custom_padding_last_edited=&#8221;on|phone&#8221; _builder_version=&#8221;4.16&#8243; _module_preset=&#8221;default&#8221; width=&#8221;90%&#8221; width_tablet=&#8221;90%&#8221; width_phone=&#8221;90%&#8221; width_last_edited=&#8221;on|tablet&#8221; max_width=&#8221;1170px&#8221; max_width_tablet=&#8221;90%&#8221; max_width_phone=&#8221;90%&#8221; max_width_last_edited=&#8221;on|desktop&#8221; custom_padding=&#8221;170px||0px||false|false&#8221; custom_padding_tablet=&#8221;&#8221; custom_padding_phone=&#8221;100px||0px||false|false&#8221; animation_style=&#8221;slide&#8221; animation_direction=&#8221;top&#8221; animation_duration=&#8221;1500ms&#8221; global_colors_info=&#8221;{}&#8221;][et_pb_column type=&#8221;4_4&#8243; _builder_version=&#8221;4.16&#8243; _module_preset=&#8221;default&#8221; global_colors_info=&#8221;{}&#8221;][et_pb_text _builder_version=&#8221;4.16&#8243; _dynamic_attributes=&#8221;content&#8221; _module_preset=&#8221;default&#8221; header_font=&#8221;Teko|||on|||||&#8221; header_text_align=&#8221;center&#8221; header_text_color=&#8221;#FFFFFF&#8221; header_font_size=&#8221;80px&#8221; header_font_size_tablet=&#8221;60px&#8221; header_font_size_phone=&#8221;45px&#8221; header_font_size_last_edited=&#8221;on|phone&#8221; global_colors_info=&#8221;{}&#8221;]@ET-DC@eyJkeW5hbWljIjp0cnVlLCJjb250ZW50IjoicG9zdF90aXRsZSIsInNldHRpbmdzIjp7ImJlZm9yZSI6IjxoMT4iLCJhZnRlciI6IjwvaDE+In19@[\/et_pb_text][\/et_pb_column][\/et_pb_row][\/et_pb_section][et_pb_section fb_built=&#8221;1&#8243; _builder_version=&#8221;4.16&#8243; _module_preset=&#8221;default&#8221; global_colors_info=&#8221;{}&#8221;][et_pb_row column_structure=&#8221;1_2,1_2&#8243; use_custom_gutter=&#8221;on&#8221; gutter_width=&#8221;2&#8243; make_equal=&#8221;on&#8221; custom_padding_last_edited=&#8221;on|phone&#8221; _builder_version=&#8221;4.16&#8243; _module_preset=&#8221;default&#8221; background_color=&#8221;#FFFFFF&#8221; z_index=&#8221;149&#8243; width=&#8221;90%&#8221; width_tablet=&#8221;90%&#8221; width_phone=&#8221;90%&#8221; width_last_edited=&#8221;on|tablet&#8221; max_width=&#8221;1170px&#8221; max_width_tablet=&#8221;550px&#8221; max_width_phone=&#8221;90%&#8221; max_width_last_edited=&#8221;on|desktop&#8221; custom_margin=&#8221;-225px||||false|false&#8221; custom_padding=&#8221;70px|70px|70px|70px|true|true&#8221; custom_padding_tablet=&#8221;&#8221; custom_padding_phone=&#8221;50px|25px|25px|25px|false|true&#8221; animation_style=&#8221;slide&#8221; animation_direction=&#8221;bottom&#8221; animation_duration=&#8221;1500ms&#8221; border_radii=&#8221;on|5px|5px|5px|5px&#8221; box_shadow_style=&#8221;preset1&#8243; box_shadow_vertical=&#8221;15px&#8221; box_shadow_blur=&#8221;60px&#8221; box_shadow_spread=&#8221;15px&#8221; box_shadow_color=&#8221;rgba(0,0,0,0.05)&#8221; global_colors_info=&#8221;{}&#8221;][et_pb_column type=&#8221;1_2&#8243; _builder_version=&#8221;4.16&#8243; _module_preset=&#8221;default&#8221; global_colors_info=&#8221;{}&#8221;][et_pb_text _builder_version=&#8221;4.16&#8243; _module_preset=&#8221;default&#8221; text_font=&#8221;Teko||||||||&#8221; text_text_color=&#8221;#e74901&#8243; text_font_size=&#8221;18px&#8221; text_letter_spacing=&#8221;2px&#8221; text_line_height=&#8221;1em&#8221; global_colors_info=&#8221;{}&#8221;]<\/p>\n<p>ANEX-BHP<\/p>\n<p>[\/et_pb_text][et_pb_text _builder_version=&#8221;4.27.0&#8243; _module_preset=&#8221;default&#8221; header_3_font=&#8221;Teko|600||on|||||&#8221; header_3_text_align=&#8221;left&#8221; header_3_text_color=&#8221;#11161e&#8221; header_3_font_size=&#8221;40px&#8221; header_3_line_height=&#8221;1.1em&#8221; max_width=&#8221;440px&#8221; module_alignment=&#8221;left&#8221; custom_margin_tablet=&#8221;-10px||||false|false&#8221; custom_margin_phone=&#8221;-10px||||false|false&#8221; custom_margin_last_edited=&#8221;on|phone&#8221; global_colors_info=&#8221;{}&#8221;]<\/p>\n<h3>Wartung von Schutzkleidung<\/h3>\n<p>[\/et_pb_text][et_pb_text _builder_version=&#8221;4.27.0&#8243; _module_preset=&#8221;default&#8221; text_font=&#8221;Rajdhani||||||||&#8221; text_text_color=&#8221;#777777&#8243; text_font_size=&#8221;16px&#8221; text_line_height=&#8221;1.8em&#8221; max_width=&#8221;440px&#8221; global_colors_info=&#8221;{}&#8221;]<\/p>\n<h3><strong>GmbH &amp; Co. KG ANEX bietet im Rahmen seiner T\u00e4tigkeit Dienstleistungen f\u00fcr das Waschen und den Austausch von Schutzkleidung an.<\/strong><\/h3>\n<p><strong>Die Dienstleistungen umfassen:<\/strong><\/p>\n<ul>\n<li><strong>Waschen der Kleidung<\/strong> nach festgelegter H\u00e4ufigkeit. Die Kleidung, die in die W\u00e4scherei kommt und sie verl\u00e4sst, wird mithilfe von Barcodes erfasst, was die Identifizierung und Lokalisierung der Kleidung erm\u00f6glicht und Informationen \u00fcber die letzten Waschvorg\u00e4nge f\u00fcr jeden Mitarbeiter bereitstellt.<\/li>\n<li><strong>Transport der Kleidung<\/strong> zur W\u00e4scherei und zur\u00fcck. Nach Festlegung der Abhol- und Liefertermine ist unser Unternehmen verpflichtet, die saubere Kleidung stets an dem vereinbarten Tag zu liefern.<\/li>\n<li><strong>Reparaturservice<\/strong>. Alle Kleidungsst\u00fccke, die in die W\u00e4scherei gelangen, werden auf Sch\u00e4den gepr\u00fcft. Bei Bedarf wird die Kleidung repariert und in die Lieferung aufgenommen.<\/li>\n<li><strong>Logistik des Kleidungsumlaufs<\/strong>. Die Kennzeichnung der Kleidung gew\u00e4hrleistet die ordnungsgem\u00e4\u00dfe Verteilung an die Mitarbeiter.<\/li>\n<\/ul>\n<p>[\/et_pb_text][et_pb_text _builder_version=&#8221;4.27.0&#8243; _module_preset=&#8221;default&#8221; text_font=&#8221;Teko||||||||&#8221; text_text_color=&#8221;#FFFFFF&#8221; text_font_size=&#8221;24px&#8221; text_line_height=&#8221;1em&#8221; background_color=&#8221;#FC0002&#8243; max_width=&#8221;440px&#8221; custom_margin=&#8221;40px||||false|false&#8221; custom_padding=&#8221;50px|50px|40px|50px|false|true&#8221; custom_padding_tablet=&#8221;&#8221; custom_padding_phone=&#8221;30px|25px|25px|25px|false|true&#8221; custom_padding_last_edited=&#8221;on|phone&#8221; text_font_size_tablet=&#8221;&#8221; text_font_size_phone=&#8221;20px&#8221; text_font_size_last_edited=&#8221;on|phone&#8221; border_radii=&#8221;on|5px|5px|5px|5px&#8221; global_colors_info=&#8221;{}&#8221;]<\/p>\n<p><strong>WENN SIE AN EINER ZUSAMMENARBEIT INTERESSIERT SIND \u2013 KONTAKTIEREN SIE UNS. WIR BEANTWORTEN GERNE ALLE IHRE FRAGEN.<\/strong><\/p>\n<p>[\/et_pb_text][et_pb_text _builder_version=&#8221;4.16&#8243; _module_preset=&#8221;default&#8221; global_colors_info=&#8221;{}&#8221;][\/et_pb_text][\/et_pb_column][et_pb_column type=&#8221;1_2&#8243; _builder_version=&#8221;4.16&#8243; _module_preset=&#8221;default&#8221; global_colors_info=&#8221;{}&#8221;][et_pb_image src=&#8221;https:\/\/anex-bhp.com\/wp-content\/uploads\/2018\/05\/serwis.jpg&#8221; title_text=&#8221;serwis&#8221; _builder_version=&#8221;4.16&#8243; _module_preset=&#8221;default&#8221; transform_scale=&#8221;108%|169%&#8221; transform_scale_linked=&#8221;off&#8221; transform_translate=&#8221;-2px|102px&#8221; transform_translate_linked=&#8221;off&#8221; global_colors_info=&#8221;{}&#8221;][\/et_pb_image][\/et_pb_column][\/et_pb_row][et_pb_row column_structure=&#8221;1_4,1_4,1_4,1_4&#8243; use_custom_gutter=&#8221;on&#8221; gutter_width=&#8221;2&#8243; make_equal=&#8221;on&#8221; _builder_version=&#8221;4.10.6&#8243; _module_preset=&#8221;default&#8221; width=&#8221;90%&#8221; width_tablet=&#8221;90%&#8221; width_phone=&#8221;90%&#8221; width_last_edited=&#8221;on|tablet&#8221; max_width=&#8221;1170px&#8221; max_width_tablet=&#8221;90%&#8221; max_width_phone=&#8221;90%&#8221; max_width_last_edited=&#8221;on|desktop&#8221; custom_padding=&#8221;110px||105px||false|false&#8221; global_module=&#8221;3295&#8243; global_colors_info=&#8221;{}&#8221;][et_pb_column type=&#8221;1_4&#8243; _builder_version=&#8221;4.16&#8243; _module_preset=&#8221;default&#8221; global_colors_info=&#8221;{}&#8221;][et_pb_blurb title=&#8221; Produktion von Schutzkleidung&#8221; url=&#8221;https:\/\/anex-bhp.com\/produkcja\/&#8221; image=&#8221;https:\/\/anex-bhp.com\/wp-content\/uploads\/2018\/04\/icone_confeccao.png&#8221; alt=&#8221;produkcja odzie\u017cy ochronnej i roboczej&#8221; icon_placement=&#8221;left&#8221; image_icon_width=&#8221;50px&#8221; content_max_width=&#8221;100%&#8221; _builder_version=&#8221;4.27.0&#8243; _module_preset=&#8221;default&#8221; header_font=&#8221;Teko||||||||&#8221; header_text_align=&#8221;left&#8221; header_text_color=&#8221;#11161e&#8221; header_font_size=&#8221;25px&#8221; body_font=&#8221;Rajdhani||||||||&#8221; body_text_align=&#8221;left&#8221; body_text_color=&#8221;#777777&#8243; body_font_size=&#8221;16px&#8221; body_line_height=&#8221;1.6em&#8221; animation=&#8221;off&#8221; image_max_width=&#8221;50px&#8221; global_colors_info=&#8221;{}&#8221;]<\/p>\n<p style=\"text-align: left;\">Wir stellen hochwertige Schutz- und Arbeitskleidung her, die flammhemmende, s\u00e4urebest\u00e4ndige und andere spezielle Eigenschaften aufweist, welche durch Zertifikate best\u00e4tigt sind.<\/p>\n<p>[\/et_pb_blurb][\/et_pb_column][et_pb_column type=&#8221;1_4&#8243; _builder_version=&#8221;4.16&#8243; _module_preset=&#8221;default&#8221; global_colors_info=&#8221;{}&#8221;][et_pb_blurb title=&#8221;Ausgabeautomaten&#8221; url=&#8221;https:\/\/anex-bhp.com\/automaty-bhp-2\/&#8221; image=&#8221;https:\/\/anex-bhp.com\/wp-content\/uploads\/2018\/03\/automat.png&#8221; alt=&#8221;automaty bhp&#8221; icon_placement=&#8221;left&#8221; image_icon_width=&#8221;50px&#8221; content_max_width=&#8221;100%&#8221; _builder_version=&#8221;4.27.0&#8243; _module_preset=&#8221;default&#8221; header_font=&#8221;Teko||||||||&#8221; header_text_align=&#8221;left&#8221; header_text_color=&#8221;#11161e&#8221; header_font_size=&#8221;25px&#8221; body_font=&#8221;Rajdhani||||||||&#8221; body_text_align=&#8221;left&#8221; body_text_color=&#8221;#777777&#8243; body_font_size=&#8221;16px&#8221; body_line_height=&#8221;1.6em&#8221; animation=&#8221;off&#8221; image_max_width=&#8221;50px&#8221; global_colors_info=&#8221;{}&#8221;]<\/p>\n<p>Wir bieten professionelle Betreuung, Vermietung und Wartung von Verkaufsautomaten f\u00fcr pers\u00f6nliche Schutzausr\u00fcstung (PSA) sowie Werkzeuge mit Selbstentnahmefunktion an.<\/p>\n<p>[\/et_pb_blurb][\/et_pb_column][et_pb_column type=&#8221;1_4&#8243; _builder_version=&#8221;4.16&#8243; _module_preset=&#8221;default&#8221; global_colors_info=&#8221;{}&#8221;][et_pb_blurb title=&#8221;Kleidungspflege-Service&#8221; url=&#8221;https:\/\/anex-bhp.com\/serwis-odziezy\/&#8221; image=&#8221;https:\/\/anex-bhp.com\/wp-content\/uploads\/2018\/03\/serwis-odziez.png&#8221; alt=&#8221;Serwis Odzie\u017cy Ochronnej&#8221; icon_placement=&#8221;left&#8221; image_icon_width=&#8221;50px&#8221; content_max_width=&#8221;100%&#8221; _builder_version=&#8221;4.27.0&#8243; _module_preset=&#8221;default&#8221; header_font=&#8221;Teko||||||||&#8221; header_text_align=&#8221;left&#8221; header_text_color=&#8221;#11161e&#8221; header_font_size=&#8221;25px&#8221; body_font=&#8221;Rajdhani||||||||&#8221; body_text_align=&#8221;left&#8221; body_text_color=&#8221;#777777&#8243; body_font_size=&#8221;16px&#8221; body_line_height=&#8221;1.6em&#8221; animation=&#8221;off&#8221; image_max_width=&#8221;50px&#8221; global_colors_info=&#8221;{}&#8221;]<\/p>\n<p>Wir bieten einen umfassenden Service f\u00fcr Arbeitskleidung an, der W\u00e4schereidienst, Reparaturservice sowie den Transport der Kleidung von und zur W\u00e4scherei umfasst.<\/p>\n<p>[\/et_pb_blurb][\/et_pb_column][et_pb_column type=&#8221;1_4&#8243; _builder_version=&#8221;4.16&#8243; _module_preset=&#8221;default&#8221; global_colors_info=&#8221;{}&#8221;][et_pb_blurb title=&#8221; Vertrieb von BHP-Artikeln&#8221; image=&#8221;https:\/\/anex-bhp.com\/wp-content\/uploads\/2018\/04\/rekawiczki.png&#8221; alt=&#8221;Dystrybucja Artyku\u0142\u00f3w BHP&#8221; icon_placement=&#8221;left&#8221; image_icon_width=&#8221;50px&#8221; content_max_width=&#8221;100%&#8221; _builder_version=&#8221;4.27.0&#8243; _module_preset=&#8221;default&#8221; header_font=&#8221;Teko||||||||&#8221; header_text_align=&#8221;left&#8221; header_text_color=&#8221;#11161e&#8221; header_font_size=&#8221;25px&#8221; body_font=&#8221;Rajdhani||||||||&#8221; body_text_align=&#8221;left&#8221; body_text_color=&#8221;#777777&#8243; body_font_size=&#8221;16px&#8221; body_line_height=&#8221;1.6em&#8221; animation=&#8221;off&#8221; image_max_width=&#8221;50px&#8221; global_colors_info=&#8221;{}&#8221;]<\/p>\n<p>Die Firma ANEX vertreibt seit 1990 Arbeitsschutzartikel. Wir liefern hochwertige Kleidung und Werkzeuge, die h\u00f6chsten Qualit\u00e4tsstandards entsprechen.<\/p>\n<p>[\/et_pb_blurb][\/et_pb_column][\/et_pb_row][\/et_pb_section][et_pb_section fb_built=&#8221;1&#8243; _builder_version=&#8221;4.16&#8243; _module_preset=&#8221;default&#8221; background_image=&#8221;https:\/\/anex-bhp.com\/wp-content\/uploads\/2022\/03\/construction-114-2.jpg&#8221; custom_padding=&#8221;110px||0px|||&#8221; border_width_top=&#8221;1px&#8221; border_color_top=&#8221;#dbdbdb&#8221; global_colors_info=&#8221;{}&#8221;][et_pb_row column_structure=&#8221;2_5,3_5&#8243; use_custom_gutter=&#8221;on&#8221; gutter_width=&#8221;2&#8243; make_equal=&#8221;on&#8221; _builder_version=&#8221;4.16&#8243; _module_preset=&#8221;default&#8221; width=&#8221;90%&#8221; width_tablet=&#8221;90%&#8221; width_phone=&#8221;90%&#8221; width_last_edited=&#8221;on|tablet&#8221; max_width=&#8221;1170px&#8221; max_width_tablet=&#8221;472px&#8221; max_width_phone=&#8221;90%&#8221; max_width_last_edited=&#8221;on|desktop&#8221; custom_padding=&#8221;0px||0px||true|false&#8221; global_colors_info=&#8221;{}&#8221;][et_pb_column type=&#8221;2_5&#8243; _builder_version=&#8221;4.16&#8243; _module_preset=&#8221;default&#8221; background_color=&#8221;#FFFFFF&#8221; custom_padding=&#8221;50px|50px||50px|false|true&#8221; custom_padding_tablet=&#8221;&#8221; custom_padding_phone=&#8221;50px|25px||25px|false|true&#8221; custom_padding_last_edited=&#8221;on|phone&#8221; border_radii=&#8221;off|5px|5px||&#8221; global_colors_info=&#8221;{}&#8221;][et_pb_blurb title=&#8221; WILLKOMMEN&#8221; image=&#8221;https:\/\/anex-bhp.com\/wp-content\/uploads\/2022\/03\/construction-114-3.png&#8221; icon_placement=&#8221;left&#8221; image_icon_width=&#8221;64px&#8221; content_max_width=&#8221;100%&#8221; _builder_version=&#8221;4.27.0&#8243; _module_preset=&#8221;default&#8221; header_font=&#8221;Teko||||||||&#8221; header_text_align=&#8221;left&#8221; header_text_color=&#8221;#FC0002&#8243; header_font_size=&#8221;18.1px&#8221; header_letter_spacing=&#8221;2px&#8221; body_font=&#8221;Teko|600|||||||&#8221; body_text_align=&#8221;left&#8221; body_text_color=&#8221;#11161e&#8221; body_font_size=&#8221;30px&#8221; body_line_height=&#8221;0.7em&#8221; animation=&#8221;off&#8221; custom_css_blurb_title=&#8221;margin-top: 6px&#8221; border_width_right_image=&#8221;4px&#8221; border_color_right_image=&#8221;RGBA(0,0,0,0)&#8221; image_max_width=&#8221;64px&#8221; global_colors_info=&#8221;{}&#8221;]<\/p>\n<p>Kontakt<\/p>\n<p>[\/et_pb_blurb][et_pb_text _builder_version=&#8221;4.27.0&#8243; _module_preset=&#8221;default&#8221; text_font=&#8221;Rajdhani||||||||&#8221; text_text_color=&#8221;#777777&#8243; text_font_size=&#8221;16px&#8221; text_line_height=&#8221;1.3em&#8221; max_width=&#8221;490px&#8221; module_alignment=&#8221;right&#8221; custom_margin=&#8221;22px||||false|false&#8221; custom_margin_tablet=&#8221;-10px||||false|false&#8221; custom_margin_phone=&#8221;-10px||||false|false&#8221; custom_margin_last_edited=&#8221;on|phone&#8221; global_colors_info=&#8221;{}&#8221; text_line_height__hover_enabled=&#8221;on|desktop&#8221; text_line_height__hover=&#8221;1.3em&#8221;]<\/p>\n<p><strong>Anex GmbH &amp; Co. KG<\/strong><br \/>42-202 Cz\u0119stochowa<br \/>ul. Dekabryst\u00f3w 78a<br \/>e-mail: <a href=\"mailto:anex@anex-bhp.com\">anex@anex-bhp.com<\/a><\/p>\n<p>Telefon: +48 34 3664 807<\/p>\n<p>[\/et_pb_text][et_pb_code _builder_version=&#8221;4.16&#8243; _module_preset=&#8221;default&#8221; global_colors_info=&#8221;{}&#8221;]<\/p>\n<style>@media only screen and (min-width: 981px) {<!-- [et_pb_line_break_holder] -->    .et_pb_subscribe .et_pb_newsletter_fields > p { <!-- [et_pb_line_break_holder] -->        flex: auto !important;<!-- [et_pb_line_break_holder] -->    }<!-- [et_pb_line_break_holder] -->    .et_pb_subscribe .et_pb_newsletter_fields p.et_pb_newsletter_field {<!-- [et_pb_line_break_holder] -->        margin-right: 2%; <!-- [et_pb_line_break_holder] -->    }<!-- [et_pb_line_break_holder] -->}<\/style>\n<p>[\/et_pb_code][\/et_pb_column][et_pb_column type=&#8221;3_5&#8243; disabled_on=&#8221;on|on|on&#8221; _builder_version=&#8221;4.16&#8243; _module_preset=&#8221;default&#8221; disabled=&#8221;on&#8221; global_colors_info=&#8221;{}&#8221;][\/et_pb_column][\/et_pb_row][\/et_pb_section]<\/p>\n","protected":false},"excerpt":{"rendered":"<p>ANEX-BHPWartung von SchutzkleidungGmbH &amp; Co. KG ANEX bietet im Rahmen seiner T\u00e4tigkeit Dienstleistungen f\u00fcr das Waschen und den Austausch von Schutzkleidung an. Die Dienstleistungen umfassen: Waschen der Kleidung nach festgelegter H\u00e4ufigkeit. Die Kleidung, die in die W\u00e4scherei kommt und sie verl\u00e4sst, wird mithilfe von Barcodes erfasst, was die Identifizierung und Lokalisierung der Kleidung erm\u00f6glicht und [&hellip;]<\/p>\n","protected":false},"author":2,"featured_media":0,"parent":0,"menu_order":0,"comment_status":"closed","ping_status":"closed","template":"","meta":{"_et_pb_use_builder":"on","_et_pb_old_content":"","_et_gb_content_width":"","footnotes":""},"class_list":["post-3272","page","type-page","status-publish","hentry"],"yoast_head":"<!-- This site is optimized with the Yoast SEO plugin v23.5 - https:\/\/yoast.com\/wordpress\/plugins\/seo\/ -->\n<title>Wartung von Schutzkleidung - ANEX BHP<\/title>\n<meta name=\"robots\" content=\"index, follow, max-snippet:-1, max-image-preview:large, max-video-preview:-1\" \/>\n<link rel=\"canonical\" href=\"https:\/\/anex-bhp.com\/de\/wartung-von-schutzkleidung\/\" \/>\n<meta property=\"og:locale\" content=\"pl_PL\" \/>\n<meta property=\"og:type\" content=\"article\" \/>\n<meta property=\"og:title\" content=\"Wartung von Schutzkleidung - ANEX BHP\" \/>\n<meta property=\"og:description\" content=\"ANEX-BHPWartung von SchutzkleidungGmbH &amp; Co. KG ANEX bietet im Rahmen seiner T\u00e4tigkeit Dienstleistungen f\u00fcr das Waschen und den Austausch von Schutzkleidung an. Die Dienstleistungen umfassen: Waschen der Kleidung nach festgelegter H\u00e4ufigkeit. Die Kleidung, die in die W\u00e4scherei kommt und sie verl\u00e4sst, wird mithilfe von Barcodes erfasst, was die Identifizierung und Lokalisierung der Kleidung erm\u00f6glicht und [&hellip;]\" \/>\n<meta property=\"og:url\" content=\"https:\/\/anex-bhp.com\/de\/wartung-von-schutzkleidung\/\" \/>\n<meta property=\"og:site_name\" content=\"ANEX BHP\" \/>\n<meta property=\"article:modified_time\" content=\"2024-10-30T13:14:11+00:00\" \/>\n<meta name=\"twitter:card\" content=\"summary_large_image\" \/>\n<meta name=\"twitter:label1\" content=\"Szacowany czas czytania\" \/>\n\t<meta name=\"twitter:data1\" content=\"3 minuty\" \/>\n<script type=\"application\/ld+json\" class=\"yoast-schema-graph\">{\"@context\":\"https:\/\/schema.org\",\"@graph\":[{\"@type\":\"WebPage\",\"@id\":\"https:\/\/anex-bhp.com\/de\/wartung-von-schutzkleidung\/\",\"url\":\"https:\/\/anex-bhp.com\/de\/wartung-von-schutzkleidung\/\",\"name\":\"Wartung von Schutzkleidung - ANEX BHP\",\"isPartOf\":{\"@id\":\"https:\/\/anex-bhp.com\/de\/#website\"},\"datePublished\":\"2022-03-09T08:33:08+00:00\",\"dateModified\":\"2024-10-30T13:14:11+00:00\",\"breadcrumb\":{\"@id\":\"https:\/\/anex-bhp.com\/de\/wartung-von-schutzkleidung\/#breadcrumb\"},\"inLanguage\":\"pl-PL\",\"potentialAction\":[{\"@type\":\"ReadAction\",\"target\":[\"https:\/\/anex-bhp.com\/de\/wartung-von-schutzkleidung\/\"]}]},{\"@type\":\"BreadcrumbList\",\"@id\":\"https:\/\/anex-bhp.com\/de\/wartung-von-schutzkleidung\/#breadcrumb\",\"itemListElement\":[{\"@type\":\"ListItem\",\"position\":1,\"name\":\"Strona g\u0142\u00f3wna\",\"item\":\"https:\/\/anex-bhp.com\/de\/\"},{\"@type\":\"ListItem\",\"position\":2,\"name\":\"Wartung von Schutzkleidung\"}]},{\"@type\":\"WebSite\",\"@id\":\"https:\/\/anex-bhp.com\/de\/#website\",\"url\":\"https:\/\/anex-bhp.com\/de\/\",\"name\":\"ANEX BHP\",\"description\":\"\",\"potentialAction\":[{\"@type\":\"SearchAction\",\"target\":{\"@type\":\"EntryPoint\",\"urlTemplate\":\"https:\/\/anex-bhp.com\/de\/?s={search_term_string}\"},\"query-input\":{\"@type\":\"PropertyValueSpecification\",\"valueRequired\":true,\"valueName\":\"search_term_string\"}}],\"inLanguage\":\"pl-PL\"}]}<\/script>\n<!-- \/ Yoast SEO plugin. -->","yoast_head_json":{"title":"Wartung von Schutzkleidung - ANEX BHP","robots":{"index":"index","follow":"follow","max-snippet":"max-snippet:-1","max-image-preview":"max-image-preview:large","max-video-preview":"max-video-preview:-1"},"canonical":"https:\/\/anex-bhp.com\/de\/wartung-von-schutzkleidung\/","og_locale":"pl_PL","og_type":"article","og_title":"Wartung von Schutzkleidung - ANEX BHP","og_description":"ANEX-BHPWartung von SchutzkleidungGmbH &amp; Co. KG ANEX bietet im Rahmen seiner T\u00e4tigkeit Dienstleistungen f\u00fcr das Waschen und den Austausch von Schutzkleidung an. Die Dienstleistungen umfassen: Waschen der Kleidung nach festgelegter H\u00e4ufigkeit. Die Kleidung, die in die W\u00e4scherei kommt und sie verl\u00e4sst, wird mithilfe von Barcodes erfasst, was die Identifizierung und Lokalisierung der Kleidung erm\u00f6glicht und [&hellip;]","og_url":"https:\/\/anex-bhp.com\/de\/wartung-von-schutzkleidung\/","og_site_name":"ANEX BHP","article_modified_time":"2024-10-30T13:14:11+00:00","twitter_card":"summary_large_image","twitter_misc":{"Szacowany czas czytania":"3 minuty"},"schema":{"@context":"https:\/\/schema.org","@graph":[{"@type":"WebPage","@id":"https:\/\/anex-bhp.com\/de\/wartung-von-schutzkleidung\/","url":"https:\/\/anex-bhp.com\/de\/wartung-von-schutzkleidung\/","name":"Wartung von Schutzkleidung - ANEX BHP","isPartOf":{"@id":"https:\/\/anex-bhp.com\/de\/#website"},"datePublished":"2022-03-09T08:33:08+00:00","dateModified":"2024-10-30T13:14:11+00:00","breadcrumb":{"@id":"https:\/\/anex-bhp.com\/de\/wartung-von-schutzkleidung\/#breadcrumb"},"inLanguage":"pl-PL","potentialAction":[{"@type":"ReadAction","target":["https:\/\/anex-bhp.com\/de\/wartung-von-schutzkleidung\/"]}]},{"@type":"BreadcrumbList","@id":"https:\/\/anex-bhp.com\/de\/wartung-von-schutzkleidung\/#breadcrumb","itemListElement":[{"@type":"ListItem","position":1,"name":"Strona g\u0142\u00f3wna","item":"https:\/\/anex-bhp.com\/de\/"},{"@type":"ListItem","position":2,"name":"Wartung von Schutzkleidung"}]},{"@type":"WebSite","@id":"https:\/\/anex-bhp.com\/de\/#website","url":"https:\/\/anex-bhp.com\/de\/","name":"ANEX BHP","description":"","potentialAction":[{"@type":"SearchAction","target":{"@type":"EntryPoint","urlTemplate":"https:\/\/anex-bhp.com\/de\/?s={search_term_string}"},"query-input":{"@type":"PropertyValueSpecification","valueRequired":true,"valueName":"search_term_string"}}],"inLanguage":"pl-PL"}]}},"_links":{"self":[{"href":"https:\/\/anex-bhp.com\/de\/wp-json\/wp\/v2\/pages\/3272"}],"collection":[{"href":"https:\/\/anex-bhp.com\/de\/wp-json\/wp\/v2\/pages"}],"about":[{"href":"https:\/\/anex-bhp.com\/de\/wp-json\/wp\/v2\/types\/page"}],"author":[{"embeddable":true,"href":"https:\/\/anex-bhp.com\/de\/wp-json\/wp\/v2\/users\/2"}],"replies":[{"embeddable":true,"href":"https:\/\/anex-bhp.com\/de\/wp-json\/wp\/v2\/comments?post=3272"}],"version-history":[{"count":12,"href":"https:\/\/anex-bhp.com\/de\/wp-json\/wp\/v2\/pages\/3272\/revisions"}],"predecessor-version":[{"id":3459,"href":"https:\/\/anex-bhp.com\/de\/wp-json\/wp\/v2\/pages\/3272\/revisions\/3459"}],"wp:attachment":[{"href":"https:\/\/anex-bhp.com\/de\/wp-json\/wp\/v2\/media?parent=3272"}],"curies":[{"name":"wp","href":"https:\/\/api.w.org\/{rel}","templated":true}]}}