{"id":3361,"date":"2024-06-20T14:55:48","date_gmt":"2024-06-20T12:55:48","guid":{"rendered":"https:\/\/anex-bhp.com\/?page_id=3361"},"modified":"2024-09-30T10:40:17","modified_gmt":"2024-09-30T08:40:17","slug":"aqap","status":"publish","type":"page","link":"https:\/\/anex-bhp.com\/de\/aqap\/","title":{"rendered":"AQAP"},"content":{"rendered":"\n<p>Leitfaden f\u00fcr das Qualit\u00e4tsmanagementsystem PN-EN ISO 9001:2015 und AQAP 2110:2016<\/p>\n\n\n\n<div data-wp-interactive=\"core\/file\" class=\"wp-block-file\"><object data-wp-bind--hidden=\"!state.hasPdfPreview\"  class=\"wp-block-file__embed\" data=\"https:\/\/anex-bhp.com\/wp-content\/uploads\/2024\/06\/Przewodnik-po-SZJ.pdf\" type=\"application\/pdf\" style=\"width:100%;height:600px\" aria-label=\"Osadzone z Przewodnik-po-SZJ.\"><\/object><a id=\"wp-block-file--media-73c96b29-be30-405d-b584-eee2f8e0a135\" href=\"https:\/\/anex-bhp.com\/wp-content\/uploads\/2024\/06\/Przewodnik-po-SZJ.pdf\">Przewodnik-po-SZJ<\/a><a href=\"https:\/\/anex-bhp.com\/wp-content\/uploads\/2024\/06\/Przewodnik-po-SZJ.pdf\" class=\"wp-block-file__button wp-element-button\" download aria-describedby=\"wp-block-file--media-73c96b29-be30-405d-b584-eee2f8e0a135\">Pobierz<\/a><\/div>\n","protected":false},"excerpt":{"rendered":"<p>Leitfaden f\u00fcr das Qualit\u00e4tsmanagementsystem PN-EN ISO 9001:2015 und AQAP 2110:2016<\/p>\n","protected":false},"author":1,"featured_media":0,"parent":0,"menu_order":0,"comment_status":"closed","ping_status":"closed","template":"","meta":{"_et_pb_use_builder":"off","_et_pb_old_content":"<!-- wp:paragraph -->\n<p><strong>Przewodnik po systemie zarz\u0105dzania jako\u015bci\u0105<\/strong> PN-EN ISO 9001:2015 i AQAP 2110:2016<\/p>\n<!-- \/wp:paragraph -->\n\n<!-- wp:file {\"id\":3366,\"href\":\"https:\/\/anex-bhp.com\/wp-content\/uploads\/2024\/06\/Przewodnik-po-SZJ.pdf\",\"displayPreview\":true} -->\n<div class=\"wp-block-file\"><object class=\"wp-block-file__embed\" data=\"https:\/\/anex-bhp.com\/wp-content\/uploads\/2024\/06\/Przewodnik-po-SZJ.pdf\" type=\"application\/pdf\" style=\"width:100%;height:600px\" aria-label=\"Osadzone z Przewodnik-po-SZJ.\"><\/object><a id=\"wp-block-file--media-73c96b29-be30-405d-b584-eee2f8e0a135\" href=\"https:\/\/anex-bhp.com\/wp-content\/uploads\/2024\/06\/Przewodnik-po-SZJ.pdf\">Przewodnik-po-SZJ<\/a><a href=\"https:\/\/anex-bhp.com\/wp-content\/uploads\/2024\/06\/Przewodnik-po-SZJ.pdf\" class=\"wp-block-file__button\" download aria-describedby=\"wp-block-file--media-73c96b29-be30-405d-b584-eee2f8e0a135\">Pobierz<\/a><\/div>\n<!-- \/wp:file -->","_et_gb_content_width":"","footnotes":""},"class_list":["post-3361","page","type-page","status-publish","hentry"],"yoast_head":"<!-- This site is optimized with the Yoast SEO plugin v23.5 - https:\/\/yoast.com\/wordpress\/plugins\/seo\/ -->\n<title>AQAP - ANEX BHP<\/title>\n<meta name=\"robots\" content=\"index, follow, max-snippet:-1, max-image-preview:large, max-video-preview:-1\" \/>\n<link rel=\"canonical\" href=\"https:\/\/anex-bhp.com\/de\/aqap\/\" \/>\n<meta property=\"og:locale\" content=\"pl_PL\" \/>\n<meta property=\"og:type\" content=\"article\" \/>\n<meta property=\"og:title\" content=\"AQAP - ANEX BHP\" \/>\n<meta property=\"og:description\" content=\"Leitfaden f\u00fcr das Qualit\u00e4tsmanagementsystem PN-EN ISO 9001:2015 und AQAP 2110:2016\" \/>\n<meta property=\"og:url\" content=\"https:\/\/anex-bhp.com\/de\/aqap\/\" \/>\n<meta property=\"og:site_name\" content=\"ANEX BHP\" \/>\n<meta property=\"article:modified_time\" content=\"2024-09-30T08:40:17+00:00\" \/>\n<meta name=\"twitter:card\" content=\"summary_large_image\" \/>\n<meta name=\"twitter:label1\" content=\"Szacowany czas czytania\" \/>\n\t<meta name=\"twitter:data1\" content=\"1 minuta\" \/>\n<script type=\"application\/ld+json\" class=\"yoast-schema-graph\">{\"@context\":\"https:\/\/schema.org\",\"@graph\":[{\"@type\":\"WebPage\",\"@id\":\"https:\/\/anex-bhp.com\/de\/aqap\/\",\"url\":\"https:\/\/anex-bhp.com\/de\/aqap\/\",\"name\":\"AQAP - ANEX BHP\",\"isPartOf\":{\"@id\":\"https:\/\/anex-bhp.com\/de\/#website\"},\"datePublished\":\"2024-06-20T12:55:48+00:00\",\"dateModified\":\"2024-09-30T08:40:17+00:00\",\"breadcrumb\":{\"@id\":\"https:\/\/anex-bhp.com\/de\/aqap\/#breadcrumb\"},\"inLanguage\":\"pl-PL\",\"potentialAction\":[{\"@type\":\"ReadAction\",\"target\":[\"https:\/\/anex-bhp.com\/de\/aqap\/\"]}]},{\"@type\":\"BreadcrumbList\",\"@id\":\"https:\/\/anex-bhp.com\/de\/aqap\/#breadcrumb\",\"itemListElement\":[{\"@type\":\"ListItem\",\"position\":1,\"name\":\"Strona g\u0142\u00f3wna\",\"item\":\"https:\/\/anex-bhp.com\/de\/\"},{\"@type\":\"ListItem\",\"position\":2,\"name\":\"AQAP\"}]},{\"@type\":\"WebSite\",\"@id\":\"https:\/\/anex-bhp.com\/de\/#website\",\"url\":\"https:\/\/anex-bhp.com\/de\/\",\"name\":\"ANEX BHP\",\"description\":\"\",\"potentialAction\":[{\"@type\":\"SearchAction\",\"target\":{\"@type\":\"EntryPoint\",\"urlTemplate\":\"https:\/\/anex-bhp.com\/de\/?s={search_term_string}\"},\"query-input\":{\"@type\":\"PropertyValueSpecification\",\"valueRequired\":true,\"valueName\":\"search_term_string\"}}],\"inLanguage\":\"pl-PL\"}]}<\/script>\n<!-- \/ Yoast SEO plugin. -->","yoast_head_json":{"title":"AQAP - ANEX BHP","robots":{"index":"index","follow":"follow","max-snippet":"max-snippet:-1","max-image-preview":"max-image-preview:large","max-video-preview":"max-video-preview:-1"},"canonical":"https:\/\/anex-bhp.com\/de\/aqap\/","og_locale":"pl_PL","og_type":"article","og_title":"AQAP - ANEX BHP","og_description":"Leitfaden f\u00fcr das Qualit\u00e4tsmanagementsystem PN-EN ISO 9001:2015 und AQAP 2110:2016","og_url":"https:\/\/anex-bhp.com\/de\/aqap\/","og_site_name":"ANEX BHP","article_modified_time":"2024-09-30T08:40:17+00:00","twitter_card":"summary_large_image","twitter_misc":{"Szacowany czas czytania":"1 minuta"},"schema":{"@context":"https:\/\/schema.org","@graph":[{"@type":"WebPage","@id":"https:\/\/anex-bhp.com\/de\/aqap\/","url":"https:\/\/anex-bhp.com\/de\/aqap\/","name":"AQAP - ANEX BHP","isPartOf":{"@id":"https:\/\/anex-bhp.com\/de\/#website"},"datePublished":"2024-06-20T12:55:48+00:00","dateModified":"2024-09-30T08:40:17+00:00","breadcrumb":{"@id":"https:\/\/anex-bhp.com\/de\/aqap\/#breadcrumb"},"inLanguage":"pl-PL","potentialAction":[{"@type":"ReadAction","target":["https:\/\/anex-bhp.com\/de\/aqap\/"]}]},{"@type":"BreadcrumbList","@id":"https:\/\/anex-bhp.com\/de\/aqap\/#breadcrumb","itemListElement":[{"@type":"ListItem","position":1,"name":"Strona g\u0142\u00f3wna","item":"https:\/\/anex-bhp.com\/de\/"},{"@type":"ListItem","position":2,"name":"AQAP"}]},{"@type":"WebSite","@id":"https:\/\/anex-bhp.com\/de\/#website","url":"https:\/\/anex-bhp.com\/de\/","name":"ANEX BHP","description":"","potentialAction":[{"@type":"SearchAction","target":{"@type":"EntryPoint","urlTemplate":"https:\/\/anex-bhp.com\/de\/?s={search_term_string}"},"query-input":{"@type":"PropertyValueSpecification","valueRequired":true,"valueName":"search_term_string"}}],"inLanguage":"pl-PL"}]}},"_links":{"self":[{"href":"https:\/\/anex-bhp.com\/de\/wp-json\/wp\/v2\/pages\/3361"}],"collection":[{"href":"https:\/\/anex-bhp.com\/de\/wp-json\/wp\/v2\/pages"}],"about":[{"href":"https:\/\/anex-bhp.com\/de\/wp-json\/wp\/v2\/types\/page"}],"author":[{"embeddable":true,"href":"https:\/\/anex-bhp.com\/de\/wp-json\/wp\/v2\/users\/1"}],"replies":[{"embeddable":true,"href":"https:\/\/anex-bhp.com\/de\/wp-json\/wp\/v2\/comments?post=3361"}],"version-history":[{"count":6,"href":"https:\/\/anex-bhp.com\/de\/wp-json\/wp\/v2\/pages\/3361\/revisions"}],"predecessor-version":[{"id":3407,"href":"https:\/\/anex-bhp.com\/de\/wp-json\/wp\/v2\/pages\/3361\/revisions\/3407"}],"wp:attachment":[{"href":"https:\/\/anex-bhp.com\/de\/wp-json\/wp\/v2\/media?parent=3361"}],"curies":[{"name":"wp","href":"https:\/\/api.w.org\/{rel}","templated":true}]}}